{"id":41,"date":"2017-04-02T18:32:51","date_gmt":"2017-04-02T21:32:51","guid":{"rendered":"http:\/\/hotelterranova.com.br\/site\/?page_id=41"},"modified":"2022-02-03T15:40:31","modified_gmt":"2022-02-03T18:40:31","slug":"cafe-da-manha","status":"publish","type":"page","link":"https:\/\/hotelterranova.com.br\/site\/?page_id=41","title":{"rendered":"Caf\u00e9 da Manh\u00e3"},"content":{"rendered":"<p>Caf\u00e9 da manh\u00e3 completo!<\/p>\n<p><img decoding=\"async\" loading=\"lazy\" class=\"alignnone size-medium wp-image-69 aligncenter\" src=\"http:\/\/hotelterranova.com.br\/site\/wp-content\/uploads\/2017\/04\/22-300x180.jpg\" alt=\"\" width=\"300\" height=\"180\" srcset=\"https:\/\/hotelterranova.com.br\/site\/wp-content\/uploads\/2017\/04\/22-300x180.jpg 300w, https:\/\/hotelterranova.com.br\/site\/wp-content\/uploads\/2017\/04\/22-768x461.jpg 768w, https:\/\/hotelterranova.com.br\/site\/wp-content\/uploads\/2017\/04\/22-1024x614.jpg 1024w, https:\/\/hotelterranova.com.br\/site\/wp-content\/uploads\/2017\/04\/22.jpg 1280w\" sizes=\"(max-width: 300px) 100vw, 300px\" \/><\/p>\n<div id='gallery-1' class='gallery galleryid-41 gallery-columns-2 gallery-size-thumbnail'><figure class='gallery-item'>\n\t\t\t<div class='gallery-icon landscape'>\n\t\t\t\t<a href='https:\/\/hotelterranova.com.br\/site\/?attachment_id=104'><img width=\"150\" height=\"150\" src=\"https:\/\/hotelterranova.com.br\/site\/wp-content\/uploads\/2017\/04\/restaurante-1-150x150.jpeg\" class=\"attachment-thumbnail size-thumbnail\" alt=\"\" decoding=\"async\" loading=\"lazy\" srcset=\"https:\/\/hotelterranova.com.br\/site\/wp-content\/uploads\/2017\/04\/restaurante-1-150x150.jpeg 150w, https:\/\/hotelterranova.com.br\/site\/wp-content\/uploads\/2017\/04\/restaurante-1-100x100.jpeg 100w\" sizes=\"100vw\" \/><\/a>\n\t\t\t<\/div><\/figure><figure class='gallery-item'>\n\t\t\t<div class='gallery-icon landscape'>\n\t\t\t\t<a href='https:\/\/hotelterranova.com.br\/site\/?attachment_id=105'><img width=\"150\" height=\"150\" src=\"https:\/\/hotelterranova.com.br\/site\/wp-content\/uploads\/2017\/04\/restaurante-2-150x150.jpeg\" class=\"attachment-thumbnail size-thumbnail\" alt=\"\" decoding=\"async\" loading=\"lazy\" srcset=\"https:\/\/hotelterranova.com.br\/site\/wp-content\/uploads\/2017\/04\/restaurante-2-150x150.jpeg 150w, https:\/\/hotelterranova.com.br\/site\/wp-content\/uploads\/2017\/04\/restaurante-2-100x100.jpeg 100w\" sizes=\"100vw\" \/><\/a>\n\t\t\t<\/div><\/figure>\n\t\t<\/div>\n\n","protected":false},"excerpt":{"rendered":"<p>Caf\u00e9 da manh\u00e3 completo!<\/p>\n","protected":false},"author":1,"featured_media":0,"parent":0,"menu_order":0,"comment_status":"closed","ping_status":"closed","template":"","meta":[],"_links":{"self":[{"href":"https:\/\/hotelterranova.com.br\/site\/index.php?rest_route=\/wp\/v2\/pages\/41"}],"collection":[{"href":"https:\/\/hotelterranova.com.br\/site\/index.php?rest_route=\/wp\/v2\/pages"}],"about":[{"href":"https:\/\/hotelterranova.com.br\/site\/index.php?rest_route=\/wp\/v2\/types\/page"}],"author":[{"embeddable":true,"href":"https:\/\/hotelterranova.com.br\/site\/index.php?rest_route=\/wp\/v2\/users\/1"}],"replies":[{"embeddable":true,"href":"https:\/\/hotelterranova.com.br\/site\/index.php?rest_route=%2Fwp%2Fv2%2Fcomments&post=41"}],"version-history":[{"count":4,"href":"https:\/\/hotelterranova.com.br\/site\/index.php?rest_route=\/wp\/v2\/pages\/41\/revisions"}],"predecessor-version":[{"id":120,"href":"https:\/\/hotelterranova.com.br\/site\/index.php?rest_route=\/wp\/v2\/pages\/41\/revisions\/120"}],"wp:attachment":[{"href":"https:\/\/hotelterranova.com.br\/site\/index.php?rest_route=%2Fwp%2Fv2%2Fmedia&parent=41"}],"curies":[{"name":"wp","href":"https:\/\/api.w.org\/{rel}","templated":true}]}}